{"id":19,"date":"2017-03-09T11:22:57","date_gmt":"2017-03-09T11:22:57","guid":{"rendered":"http:\/\/piet.cursus-wordpress.com\/?page_id=19"},"modified":"2025-09-01T11:53:59","modified_gmt":"2025-09-01T11:53:59","slug":"psychotherapie","status":"publish","type":"page","link":"http:\/\/joskevanhuygevoort.nl\/?page_id=19","title":{"rendered":"Psychotherapie"},"content":{"rendered":"<h2><strong>Persoonsgericht &#8211; op basis van ervaren en beleven<\/strong><\/h2>\n<p>De hulpvraag van de cli\u00ebnt is de basis van de therapeutische gesprekken. In deze gesprekken hanteer ik de zgn. <strong>persoonsgerichte psychotherapie<\/strong>, die ook het best aansluit bij mijn mensvisie. Ik zet hier kort uiteen wat dit inhoudt.<\/p>\n<p>In een mensenleven kan al vroeg een hechtingsprobleem ontstaan. Ook kan onveiligheid in de omgeving van de mens de zelfontplooiing in de weg staan. Dit kan leiden tot psychische klachten of zingevingsproblemen. Persoonsgerichte psychotherapie probeert dan de eigen gedachten en gevoelens te onthullen en te onderzoeken om de persoonlijke problemen te leren begrijpen.<br \/>\nDaarbij is de houding van de therapeut heel belangrijk. Hij leeft zich zich zo goed mogelijk in de cli\u00ebnt in en accepteert hem zoals hij is; hij veroordeelt niet en helpt ook de cli\u00ebnt om zichzelf niet te veroordelen. De therapeut moet bovendien goed in contact staan met zijn eigen gevoelens. De persoonsgerichte psychotherapie ziet de hulpvraag (het probleem) als iets wat betekenis heeft voor de cli\u00ebnt en voor zijn persoon als geheel, en niet als een op zich zelf staande psychische stoornis. De betekenis die de hulpvraag voor de cli\u00ebnt heeft biedt ook de motivatie om actief met de vraag aan de slag te gaan.<br \/>\nAls u meer wilt weten over persoonsgerichte psychotherapie, kunt u <a href=\"https:\/\/www.vpep.nl\/\" target=\"_blank\" rel=\"noopener noreferrer\">hier<\/a> meer lezen: deze link verwijst u naar de website van de Vereniging voor Cli\u00ebntgerichte Psychotherapie (VCgP, nu Vereniging voor Persoonsgerichte experi\u00ebnti\u00eble Psychotherapie &#8211; VPeP).<\/p>\n<h2><strong>Psychotherapie aan volwassenen<\/strong><\/h2>\n<p>Ik bied individuele psychotherapie aan volwassenen en aan paren.<\/p>\n","protected":false},"excerpt":{"rendered":"<p>Persoonsgericht &#8211; op basis van ervaren en beleven De hulpvraag van de cli\u00ebnt is de basis van de therapeutische gesprekken. In deze gesprekken hanteer ik de zgn. persoonsgerichte psychotherapie, die ook het best aansluit bij mijn mensvisie. Ik zet hier kort uiteen wat dit inhoudt. In een mensenleven kan al vroeg een hechtingsprobleem ontstaan. Ook &hellip; <a href=\"http:\/\/joskevanhuygevoort.nl\/?page_id=19\" class=\"more-link\">Lees <span class=\"screen-reader-text\">&#8220;Psychotherapie&#8221;<\/span> verder<\/a><\/p>\n","protected":false},"author":1,"featured_media":0,"parent":0,"menu_order":3,"comment_status":"closed","ping_status":"closed","template":"full-width-page.php","meta":[],"_links":{"self":[{"href":"http:\/\/joskevanhuygevoort.nl\/index.php?rest_route=\/wp\/v2\/pages\/19"}],"collection":[{"href":"http:\/\/joskevanhuygevoort.nl\/index.php?rest_route=\/wp\/v2\/pages"}],"about":[{"href":"http:\/\/joskevanhuygevoort.nl\/index.php?rest_route=\/wp\/v2\/types\/page"}],"author":[{"embeddable":true,"href":"http:\/\/joskevanhuygevoort.nl\/index.php?rest_route=\/wp\/v2\/users\/1"}],"replies":[{"embeddable":true,"href":"http:\/\/joskevanhuygevoort.nl\/index.php?rest_route=%2Fwp%2Fv2%2Fcomments&post=19"}],"version-history":[{"count":4,"href":"http:\/\/joskevanhuygevoort.nl\/index.php?rest_route=\/wp\/v2\/pages\/19\/revisions"}],"predecessor-version":[{"id":593,"href":"http:\/\/joskevanhuygevoort.nl\/index.php?rest_route=\/wp\/v2\/pages\/19\/revisions\/593"}],"wp:attachment":[{"href":"http:\/\/joskevanhuygevoort.nl\/index.php?rest_route=%2Fwp%2Fv2%2Fmedia&parent=19"}],"curies":[{"name":"wp","href":"https:\/\/api.w.org\/{rel}","templated":true}]}}